{"id":778,"date":"2025-09-07T19:35:39","date_gmt":"2025-09-07T17:35:39","guid":{"rendered":"https:\/\/rigardumas.com\/news\/?page_id=778"},"modified":"2025-09-07T20:05:12","modified_gmt":"2025-09-07T18:05:12","slug":"about-us","status":"publish","type":"page","link":"https:\/\/rigardumas.com\/news\/about-us\/","title":{"rendered":"About us"},"content":{"rendered":"<div id=\"tdi_1\" class=\"tdc-zone\"><div class=\"tdc_zone tdi_2  wpb_row td-pb-row\"  >\n<style scoped>\n\/* custom css - generated by TagDiv Composer *\/\n\n\/* custom css - generated by TagDiv Composer *\/\n.tdi_2{\r\n                    min-height: 0;\r\n                }\n<\/style><div id=\"tdi_3\" class=\"tdc-row\"><div class=\"vc_row tdi_4  wpb_row td-pb-row\" >\n<style scoped>\n\/* custom css - generated by TagDiv Composer *\/\n\n\/* custom css - generated by TagDiv Composer *\/\n.tdi_4,\r\n                .tdi_4 .tdc-columns{\r\n                    min-height: 0;\r\n                }.tdi_4,\r\n\t\t\t\t.tdi_4 .tdc-columns{\r\n\t\t\t\t    display: block;\r\n\t\t\t\t}.tdi_4 .tdc-columns{\r\n\t\t\t\t    width: 100%;\r\n\t\t\t\t}.tdi_4:before,\r\n\t\t\t\t.tdi_4:after{\r\n\t\t\t\t    display: table;\r\n\t\t\t\t}\n<\/style><div class=\"vc_column tdi_6  wpb_column vc_column_container tdc-column td-pb-span12\">\n<style scoped>\n\/* custom css - generated by TagDiv Composer *\/\n\n\/* custom css - generated by TagDiv Composer *\/\n.tdi_6{\r\n                    vertical-align: baseline;\r\n                }.tdi_6 > .wpb_wrapper,\r\n\t\t\t\t.tdi_6 > .wpb_wrapper > .tdc-elements{\r\n\t\t\t\t    display: block;\r\n\t\t\t\t}.tdi_6 > .wpb_wrapper > .tdc-elements{\r\n\t\t\t\t    width: 100%;\r\n\t\t\t\t}.tdi_6 > .wpb_wrapper > .vc_row_inner{\r\n\t\t\t\t    width: auto;\r\n\t\t\t\t}.tdi_6 > .wpb_wrapper{\r\n\t\t\t\t    width: auto;\r\n\t\t\t\t    height: auto;\r\n\t\t\t\t}\n<\/style><div class=\"wpb_wrapper\" ><div class=\"td_block_wrap td_block_text_with_title tdi_7 tagdiv-type td-pb-border-top td_block_template_2\"  data-td-block-uid=\"tdi_7\" >\n<style>\n\/* custom css - generated by TagDiv Composer *\/\n.td_block_text_with_title{\r\n                  margin-bottom: 44px;\r\n                  -webkit-transform: translateZ(0);\r\n                  transform: translateZ(0);\r\n                }.td_block_text_with_title p:last-child{\r\n                  margin-bottom: 0;\r\n                }\n<\/style><div class=\"td-block-title-wrap\"><\/div><div class=\"td_mod_wrap td-fix-index\"><h2><strong>Who are we?<\/strong><\/h2>\n<p>\u00a0<\/p>\n<p><strong>RigarduM\u00e1s News<\/strong> is a news portal designed to reflect the world as it is, without filters, without excess, without sensationalism.<\/p>\n<p>We bring together major international and local media outlets in one place, so you can read the news that matters, in your language and according to your country.<\/p>\n<p>Our mission is simple:<\/p>\n<p>To give you <strong>free, centralised access to information<\/strong>.<\/p>\n<p>To highlight <strong>reliable and varied sources.<\/strong><\/p>\n<p>To respect <strong>everyone&rsquo;s cultural, religious and social sensitivities<\/strong>.<\/p>\n<p>RigarduM\u00e1s is an independent brand, born out of a desire to:<\/p>\n<p>\ud83d\udcfa Look at the Arab-Muslim world and, more broadly, the world, with <strong>a different perspective.<\/strong><\/p>\n<p>We believe that every reader deserves to choose what they read, in accordance with their beliefs and language.<\/p>\n<p>This portal is <strong>the first step<\/strong> towards a larger project, a space where <strong>truth, usefulness and common sense<\/strong> regain their rightful place.<\/p>\n<p><strong>Welcome to RigarduM\u00e1s News.<\/strong><\/p>\n<\/div><\/div><\/div><\/div><\/div><\/div><\/div><\/div>","protected":false},"excerpt":{"rendered":"","protected":false},"author":1,"featured_media":0,"parent":0,"menu_order":0,"comment_status":"closed","ping_status":"closed","template":"","meta":{"_acf_changed":false,"footnotes":""},"class_list":["post-778","page","type-page","status-publish"],"acf":[],"yoast_head":"<!-- This site is optimized with the Yoast SEO plugin v25.7 - https:\/\/yoast.com\/wordpress\/plugins\/seo\/ -->\n<title>About us - RigarduM\u00e1s News<\/title>\n<meta name=\"robots\" content=\"index, follow, max-snippet:-1, max-image-preview:large, max-video-preview:-1\" \/>\n<link rel=\"canonical\" href=\"https:\/\/rigardumas.com\/news\/about-us\/\" \/>\n<meta property=\"og:locale\" content=\"fr_FR\" \/>\n<meta property=\"og:type\" content=\"article\" \/>\n<meta property=\"og:title\" content=\"About us - RigarduM\u00e1s News\" \/>\n<meta property=\"og:url\" content=\"https:\/\/rigardumas.com\/news\/about-us\/\" \/>\n<meta property=\"og:site_name\" content=\"RigarduM\u00e1s News\" \/>\n<meta property=\"article:modified_time\" content=\"2025-09-07T18:05:12+00:00\" \/>\n<meta name=\"twitter:card\" content=\"summary_large_image\" \/>\n<meta name=\"twitter:label1\" content=\"Dur\u00e9e de lecture estim\u00e9e\" \/>\n\t<meta name=\"twitter:data1\" content=\"1 minute\" \/>\n<script type=\"application\/ld+json\" class=\"yoast-schema-graph\">{\"@context\":\"https:\/\/schema.org\",\"@graph\":[{\"@type\":\"WebPage\",\"@id\":\"https:\/\/rigardumas.com\/news\/about-us\/\",\"url\":\"https:\/\/rigardumas.com\/news\/about-us\/\",\"name\":\"About us - RigarduM\u00e1s News\",\"isPartOf\":{\"@id\":\"https:\/\/rigardumas.com\/news\/#website\"},\"datePublished\":\"2025-09-07T17:35:39+00:00\",\"dateModified\":\"2025-09-07T18:05:12+00:00\",\"breadcrumb\":{\"@id\":\"https:\/\/rigardumas.com\/news\/about-us\/#breadcrumb\"},\"inLanguage\":\"fr-FR\",\"potentialAction\":[{\"@type\":\"ReadAction\",\"target\":[\"https:\/\/rigardumas.com\/news\/about-us\/\"]}]},{\"@type\":\"BreadcrumbList\",\"@id\":\"https:\/\/rigardumas.com\/news\/about-us\/#breadcrumb\",\"itemListElement\":[{\"@type\":\"ListItem\",\"position\":1,\"name\":\"Accueil\",\"item\":\"https:\/\/rigardumas.com\/news\/\"},{\"@type\":\"ListItem\",\"position\":2,\"name\":\"About us\"}]},{\"@type\":\"WebSite\",\"@id\":\"https:\/\/rigardumas.com\/news\/#website\",\"url\":\"https:\/\/rigardumas.com\/news\/\",\"name\":\"RigarduM\u00e1s News\",\"description\":\"Les infos 24\/24...News 24\/7...\",\"publisher\":{\"@id\":\"https:\/\/rigardumas.com\/news\/#organization\"},\"potentialAction\":[{\"@type\":\"SearchAction\",\"target\":{\"@type\":\"EntryPoint\",\"urlTemplate\":\"https:\/\/rigardumas.com\/news\/?s={search_term_string}\"},\"query-input\":{\"@type\":\"PropertyValueSpecification\",\"valueRequired\":true,\"valueName\":\"search_term_string\"}}],\"inLanguage\":\"fr-FR\"},{\"@type\":\"Organization\",\"@id\":\"https:\/\/rigardumas.com\/news\/#organization\",\"name\":\"RigarduM\u00e1s News\",\"url\":\"https:\/\/rigardumas.com\/news\/\",\"logo\":{\"@type\":\"ImageObject\",\"inLanguage\":\"fr-FR\",\"@id\":\"https:\/\/rigardumas.com\/news\/#\/schema\/logo\/image\/\",\"url\":\"https:\/\/rigardumas.com\/news\/wp-content\/uploads\/sites\/10\/2025\/08\/RigarduMas-News-544x180-1.png\",\"contentUrl\":\"https:\/\/rigardumas.com\/news\/wp-content\/uploads\/sites\/10\/2025\/08\/RigarduMas-News-544x180-1.png\",\"width\":544,\"height\":180,\"caption\":\"RigarduM\u00e1s News\"},\"image\":{\"@id\":\"https:\/\/rigardumas.com\/news\/#\/schema\/logo\/image\/\"}}]}<\/script>\n<!-- \/ Yoast SEO plugin. -->","yoast_head_json":{"title":"About us - RigarduM\u00e1s News","robots":{"index":"index","follow":"follow","max-snippet":"max-snippet:-1","max-image-preview":"max-image-preview:large","max-video-preview":"max-video-preview:-1"},"canonical":"https:\/\/rigardumas.com\/news\/about-us\/","og_locale":"fr_FR","og_type":"article","og_title":"About us - RigarduM\u00e1s News","og_url":"https:\/\/rigardumas.com\/news\/about-us\/","og_site_name":"RigarduM\u00e1s News","article_modified_time":"2025-09-07T18:05:12+00:00","twitter_card":"summary_large_image","twitter_misc":{"Dur\u00e9e de lecture estim\u00e9e":"1 minute"},"schema":{"@context":"https:\/\/schema.org","@graph":[{"@type":"WebPage","@id":"https:\/\/rigardumas.com\/news\/about-us\/","url":"https:\/\/rigardumas.com\/news\/about-us\/","name":"About us - RigarduM\u00e1s News","isPartOf":{"@id":"https:\/\/rigardumas.com\/news\/#website"},"datePublished":"2025-09-07T17:35:39+00:00","dateModified":"2025-09-07T18:05:12+00:00","breadcrumb":{"@id":"https:\/\/rigardumas.com\/news\/about-us\/#breadcrumb"},"inLanguage":"fr-FR","potentialAction":[{"@type":"ReadAction","target":["https:\/\/rigardumas.com\/news\/about-us\/"]}]},{"@type":"BreadcrumbList","@id":"https:\/\/rigardumas.com\/news\/about-us\/#breadcrumb","itemListElement":[{"@type":"ListItem","position":1,"name":"Accueil","item":"https:\/\/rigardumas.com\/news\/"},{"@type":"ListItem","position":2,"name":"About us"}]},{"@type":"WebSite","@id":"https:\/\/rigardumas.com\/news\/#website","url":"https:\/\/rigardumas.com\/news\/","name":"RigarduM\u00e1s News","description":"Les infos 24\/24...News 24\/7...","publisher":{"@id":"https:\/\/rigardumas.com\/news\/#organization"},"potentialAction":[{"@type":"SearchAction","target":{"@type":"EntryPoint","urlTemplate":"https:\/\/rigardumas.com\/news\/?s={search_term_string}"},"query-input":{"@type":"PropertyValueSpecification","valueRequired":true,"valueName":"search_term_string"}}],"inLanguage":"fr-FR"},{"@type":"Organization","@id":"https:\/\/rigardumas.com\/news\/#organization","name":"RigarduM\u00e1s News","url":"https:\/\/rigardumas.com\/news\/","logo":{"@type":"ImageObject","inLanguage":"fr-FR","@id":"https:\/\/rigardumas.com\/news\/#\/schema\/logo\/image\/","url":"https:\/\/rigardumas.com\/news\/wp-content\/uploads\/sites\/10\/2025\/08\/RigarduMas-News-544x180-1.png","contentUrl":"https:\/\/rigardumas.com\/news\/wp-content\/uploads\/sites\/10\/2025\/08\/RigarduMas-News-544x180-1.png","width":544,"height":180,"caption":"RigarduM\u00e1s News"},"image":{"@id":"https:\/\/rigardumas.com\/news\/#\/schema\/logo\/image\/"}}]}},"_links":{"self":[{"href":"https:\/\/rigardumas.com\/news\/wp-json\/wp\/v2\/pages\/778","targetHints":{"allow":["GET"]}}],"collection":[{"href":"https:\/\/rigardumas.com\/news\/wp-json\/wp\/v2\/pages"}],"about":[{"href":"https:\/\/rigardumas.com\/news\/wp-json\/wp\/v2\/types\/page"}],"author":[{"embeddable":true,"href":"https:\/\/rigardumas.com\/news\/wp-json\/wp\/v2\/users\/1"}],"replies":[{"embeddable":true,"href":"https:\/\/rigardumas.com\/news\/wp-json\/wp\/v2\/comments?post=778"}],"version-history":[{"count":4,"href":"https:\/\/rigardumas.com\/news\/wp-json\/wp\/v2\/pages\/778\/revisions"}],"predecessor-version":[{"id":782,"href":"https:\/\/rigardumas.com\/news\/wp-json\/wp\/v2\/pages\/778\/revisions\/782"}],"wp:attachment":[{"href":"https:\/\/rigardumas.com\/news\/wp-json\/wp\/v2\/media?parent=778"}],"curies":[{"name":"wp","href":"https:\/\/api.w.org\/{rel}","templated":true}]}}