{"id":618,"date":"2025-09-06T18:45:09","date_gmt":"2025-09-06T16:45:09","guid":{"rendered":"https:\/\/rigardumas.com\/news\/?page_id=618"},"modified":"2025-09-07T17:18:59","modified_gmt":"2025-09-07T15:18:59","slug":"a-propos","status":"publish","type":"page","link":"https:\/\/rigardumas.com\/news\/a-propos\/","title":{"rendered":"A propos"},"content":{"rendered":"<div id=\"tdi_1\" class=\"tdc-zone\"><div class=\"tdc_zone tdi_2  wpb_row td-pb-row\"  >\n<style scoped>\n\/* custom css - generated by TagDiv Composer *\/\n\n\/* custom css - generated by TagDiv Composer *\/\n.tdi_2{\r\n                    min-height: 0;\r\n                }\n<\/style><div id=\"tdi_3\" class=\"tdc-row\"><div class=\"vc_row tdi_4  wpb_row td-pb-row\" >\n<style scoped>\n\/* custom css - generated by TagDiv Composer *\/\n\n\/* custom css - generated by TagDiv Composer *\/\n.tdi_4,\r\n                .tdi_4 .tdc-columns{\r\n                    min-height: 0;\r\n                }.tdi_4,\r\n\t\t\t\t.tdi_4 .tdc-columns{\r\n\t\t\t\t    display: block;\r\n\t\t\t\t}.tdi_4 .tdc-columns{\r\n\t\t\t\t    width: 100%;\r\n\t\t\t\t}.tdi_4:before,\r\n\t\t\t\t.tdi_4:after{\r\n\t\t\t\t    display: table;\r\n\t\t\t\t}\n<\/style><div class=\"vc_column tdi_6  wpb_column vc_column_container tdc-column td-pb-span12\">\n<style scoped>\n\/* custom css - generated by TagDiv Composer *\/\n\n\/* custom css - generated by TagDiv Composer *\/\n.tdi_6{\r\n                    vertical-align: baseline;\r\n                }.tdi_6 > .wpb_wrapper,\r\n\t\t\t\t.tdi_6 > .wpb_wrapper > .tdc-elements{\r\n\t\t\t\t    display: block;\r\n\t\t\t\t}.tdi_6 > .wpb_wrapper > .tdc-elements{\r\n\t\t\t\t    width: 100%;\r\n\t\t\t\t}.tdi_6 > .wpb_wrapper > .vc_row_inner{\r\n\t\t\t\t    width: auto;\r\n\t\t\t\t}.tdi_6 > .wpb_wrapper{\r\n\t\t\t\t    width: auto;\r\n\t\t\t\t    height: auto;\r\n\t\t\t\t}\n<\/style><div class=\"wpb_wrapper\" ><div class=\"td_block_wrap td_block_text_with_title tdi_7 tagdiv-type td-pb-border-top td_block_template_2\"  data-td-block-uid=\"tdi_7\" >\n<style>\n\/* custom css - generated by TagDiv Composer *\/\n.td_block_text_with_title{\r\n                  margin-bottom: 44px;\r\n                  -webkit-transform: translateZ(0);\r\n                  transform: translateZ(0);\r\n                }.td_block_text_with_title p:last-child{\r\n                  margin-bottom: 0;\r\n                }\n<\/style><div class=\"td-block-title-wrap\"><\/div><div class=\"td_mod_wrap td-fix-index\"><p class=\"p1\">\u00a0<\/p>\n<h2><b>Qui sommes-nous ?<\/b><\/h2>\n<p>\u00a0<\/p>\n<p class=\"p3\"><span class=\"s2\"><b>RigarduM\u00e1s News<\/b><\/span> est un portail d\u2019actualit\u00e9s con\u00e7u pour refl\u00e9ter le monde tel qu\u2019il est, sans filtres, sans exc\u00e8s, sans sensationnalisme.<\/p>\n<p class=\"p3\">Nous r\u00e9unissons en un seul lieu les grands m\u00e9dias internationaux et locaux, afin de vous permettre de consulter les nouvelles qui comptent, dans votre langue et selon votre pays.<\/p>\n<p class=\"p3\">Notre mission est simple :<\/p>\n<p class=\"p4\"><span class=\"s3\">Vous donner <\/span><b>un acc\u00e8s libre et centralis\u00e9 \u00e0 l\u2019information<\/b><b><\/b><\/p>\n<p class=\"p4\"><span class=\"s3\">Mettre en avant <\/span><b>les sources fiables et vari\u00e9es<\/b><b><\/b><\/p>\n<p class=\"p4\"><span class=\"s3\">Respecter <\/span><b>les sensibilit\u00e9s culturelles, religieuses et sociales<\/b><span class=\"s3\"> de chacun<\/span><\/p>\n<p class=\"p3\">RigarduM\u00e1s est une marque ind\u00e9pendante, n\u00e9e d\u2019une volont\u00e9 :<\/p>\n<p class=\"p3\">\ud83d\udcfa <i>Regarder le monde arabo-musulman<\/i> et plus largement le monde, <span class=\"s2\"><b>avec un autre regard<\/b><\/span>.<\/p>\n<p class=\"p3\">Nous croyons que chaque lecteur m\u00e9rite de choisir ce qu\u2019il lit, dans le respect de ses convictions et de sa langue.<\/p>\n<p class=\"p3\">Ce portail est le <span class=\"s2\"><b>premier pas<\/b><\/span> vers un projet plus large, un espace o\u00f9 <span class=\"s2\"><b>le vrai, l\u2019utile et le bon sens<\/b><\/span> reprennent leur place.<\/p>\n<p><b>Bienvenue chez RigarduM\u00e1s News.<\/b><\/p>\n<\/div><\/div><\/div><\/div><\/div><\/div><\/div><\/div>","protected":false},"excerpt":{"rendered":"","protected":false},"author":1,"featured_media":0,"parent":0,"menu_order":0,"comment_status":"closed","ping_status":"closed","template":"","meta":{"_acf_changed":false,"footnotes":""},"class_list":["post-618","page","type-page","status-publish"],"acf":[],"yoast_head":"<!-- This site is optimized with the Yoast SEO plugin v25.7 - https:\/\/yoast.com\/wordpress\/plugins\/seo\/ -->\n<title>A propos - RigarduM\u00e1s News<\/title>\n<meta name=\"robots\" content=\"index, follow, max-snippet:-1, max-image-preview:large, max-video-preview:-1\" \/>\n<link rel=\"canonical\" href=\"https:\/\/rigardumas.com\/news\/a-propos\/\" \/>\n<meta property=\"og:locale\" content=\"fr_FR\" \/>\n<meta property=\"og:type\" content=\"article\" \/>\n<meta property=\"og:title\" content=\"A propos - RigarduM\u00e1s News\" \/>\n<meta property=\"og:url\" content=\"https:\/\/rigardumas.com\/news\/a-propos\/\" \/>\n<meta property=\"og:site_name\" content=\"RigarduM\u00e1s News\" \/>\n<meta property=\"article:modified_time\" content=\"2025-09-07T15:18:59+00:00\" \/>\n<meta name=\"twitter:card\" content=\"summary_large_image\" \/>\n<script type=\"application\/ld+json\" class=\"yoast-schema-graph\">{\"@context\":\"https:\/\/schema.org\",\"@graph\":[{\"@type\":\"WebPage\",\"@id\":\"https:\/\/rigardumas.com\/news\/a-propos\/\",\"url\":\"https:\/\/rigardumas.com\/news\/a-propos\/\",\"name\":\"A propos - RigarduM\u00e1s News\",\"isPartOf\":{\"@id\":\"https:\/\/rigardumas.com\/news\/#website\"},\"datePublished\":\"2025-09-06T16:45:09+00:00\",\"dateModified\":\"2025-09-07T15:18:59+00:00\",\"breadcrumb\":{\"@id\":\"https:\/\/rigardumas.com\/news\/a-propos\/#breadcrumb\"},\"inLanguage\":\"fr-FR\",\"potentialAction\":[{\"@type\":\"ReadAction\",\"target\":[\"https:\/\/rigardumas.com\/news\/a-propos\/\"]}]},{\"@type\":\"BreadcrumbList\",\"@id\":\"https:\/\/rigardumas.com\/news\/a-propos\/#breadcrumb\",\"itemListElement\":[{\"@type\":\"ListItem\",\"position\":1,\"name\":\"Accueil\",\"item\":\"https:\/\/rigardumas.com\/news\/\"},{\"@type\":\"ListItem\",\"position\":2,\"name\":\"A propos\"}]},{\"@type\":\"WebSite\",\"@id\":\"https:\/\/rigardumas.com\/news\/#website\",\"url\":\"https:\/\/rigardumas.com\/news\/\",\"name\":\"RigarduM\u00e1s News\",\"description\":\"Les infos 24\/24...News 24\/7...\",\"publisher\":{\"@id\":\"https:\/\/rigardumas.com\/news\/#organization\"},\"potentialAction\":[{\"@type\":\"SearchAction\",\"target\":{\"@type\":\"EntryPoint\",\"urlTemplate\":\"https:\/\/rigardumas.com\/news\/?s={search_term_string}\"},\"query-input\":{\"@type\":\"PropertyValueSpecification\",\"valueRequired\":true,\"valueName\":\"search_term_string\"}}],\"inLanguage\":\"fr-FR\"},{\"@type\":\"Organization\",\"@id\":\"https:\/\/rigardumas.com\/news\/#organization\",\"name\":\"RigarduM\u00e1s News\",\"url\":\"https:\/\/rigardumas.com\/news\/\",\"logo\":{\"@type\":\"ImageObject\",\"inLanguage\":\"fr-FR\",\"@id\":\"https:\/\/rigardumas.com\/news\/#\/schema\/logo\/image\/\",\"url\":\"https:\/\/rigardumas.com\/news\/wp-content\/uploads\/sites\/10\/2025\/08\/RigarduMas-News-544x180-1.png\",\"contentUrl\":\"https:\/\/rigardumas.com\/news\/wp-content\/uploads\/sites\/10\/2025\/08\/RigarduMas-News-544x180-1.png\",\"width\":544,\"height\":180,\"caption\":\"RigarduM\u00e1s News\"},\"image\":{\"@id\":\"https:\/\/rigardumas.com\/news\/#\/schema\/logo\/image\/\"}}]}<\/script>\n<!-- \/ Yoast SEO plugin. -->","yoast_head_json":{"title":"A propos - RigarduM\u00e1s News","robots":{"index":"index","follow":"follow","max-snippet":"max-snippet:-1","max-image-preview":"max-image-preview:large","max-video-preview":"max-video-preview:-1"},"canonical":"https:\/\/rigardumas.com\/news\/a-propos\/","og_locale":"fr_FR","og_type":"article","og_title":"A propos - RigarduM\u00e1s News","og_url":"https:\/\/rigardumas.com\/news\/a-propos\/","og_site_name":"RigarduM\u00e1s News","article_modified_time":"2025-09-07T15:18:59+00:00","twitter_card":"summary_large_image","schema":{"@context":"https:\/\/schema.org","@graph":[{"@type":"WebPage","@id":"https:\/\/rigardumas.com\/news\/a-propos\/","url":"https:\/\/rigardumas.com\/news\/a-propos\/","name":"A propos - RigarduM\u00e1s News","isPartOf":{"@id":"https:\/\/rigardumas.com\/news\/#website"},"datePublished":"2025-09-06T16:45:09+00:00","dateModified":"2025-09-07T15:18:59+00:00","breadcrumb":{"@id":"https:\/\/rigardumas.com\/news\/a-propos\/#breadcrumb"},"inLanguage":"fr-FR","potentialAction":[{"@type":"ReadAction","target":["https:\/\/rigardumas.com\/news\/a-propos\/"]}]},{"@type":"BreadcrumbList","@id":"https:\/\/rigardumas.com\/news\/a-propos\/#breadcrumb","itemListElement":[{"@type":"ListItem","position":1,"name":"Accueil","item":"https:\/\/rigardumas.com\/news\/"},{"@type":"ListItem","position":2,"name":"A propos"}]},{"@type":"WebSite","@id":"https:\/\/rigardumas.com\/news\/#website","url":"https:\/\/rigardumas.com\/news\/","name":"RigarduM\u00e1s News","description":"Les infos 24\/24...News 24\/7...","publisher":{"@id":"https:\/\/rigardumas.com\/news\/#organization"},"potentialAction":[{"@type":"SearchAction","target":{"@type":"EntryPoint","urlTemplate":"https:\/\/rigardumas.com\/news\/?s={search_term_string}"},"query-input":{"@type":"PropertyValueSpecification","valueRequired":true,"valueName":"search_term_string"}}],"inLanguage":"fr-FR"},{"@type":"Organization","@id":"https:\/\/rigardumas.com\/news\/#organization","name":"RigarduM\u00e1s News","url":"https:\/\/rigardumas.com\/news\/","logo":{"@type":"ImageObject","inLanguage":"fr-FR","@id":"https:\/\/rigardumas.com\/news\/#\/schema\/logo\/image\/","url":"https:\/\/rigardumas.com\/news\/wp-content\/uploads\/sites\/10\/2025\/08\/RigarduMas-News-544x180-1.png","contentUrl":"https:\/\/rigardumas.com\/news\/wp-content\/uploads\/sites\/10\/2025\/08\/RigarduMas-News-544x180-1.png","width":544,"height":180,"caption":"RigarduM\u00e1s News"},"image":{"@id":"https:\/\/rigardumas.com\/news\/#\/schema\/logo\/image\/"}}]}},"_links":{"self":[{"href":"https:\/\/rigardumas.com\/news\/wp-json\/wp\/v2\/pages\/618","targetHints":{"allow":["GET"]}}],"collection":[{"href":"https:\/\/rigardumas.com\/news\/wp-json\/wp\/v2\/pages"}],"about":[{"href":"https:\/\/rigardumas.com\/news\/wp-json\/wp\/v2\/types\/page"}],"author":[{"embeddable":true,"href":"https:\/\/rigardumas.com\/news\/wp-json\/wp\/v2\/users\/1"}],"replies":[{"embeddable":true,"href":"https:\/\/rigardumas.com\/news\/wp-json\/wp\/v2\/comments?post=618"}],"version-history":[{"count":3,"href":"https:\/\/rigardumas.com\/news\/wp-json\/wp\/v2\/pages\/618\/revisions"}],"predecessor-version":[{"id":627,"href":"https:\/\/rigardumas.com\/news\/wp-json\/wp\/v2\/pages\/618\/revisions\/627"}],"wp:attachment":[{"href":"https:\/\/rigardumas.com\/news\/wp-json\/wp\/v2\/media?parent=618"}],"curies":[{"name":"wp","href":"https:\/\/api.w.org\/{rel}","templated":true}]}}